{"id":11589,"date":"2018-05-27T17:33:37","date_gmt":"2018-05-27T16:33:37","guid":{"rendered":"https:\/\/asktraders-stg.knitbyhands.com\/?page_id=11589"},"modified":"2023-10-20T10:48:16","modified_gmt":"2023-10-20T09:48:16","slug":"nutzungsbedingungen","status":"publish","type":"page","link":"https:\/\/asktraders-stg.knitbyhands.com\/de\/nutzungsbedingungen\/","title":{"rendered":"Nutzungsbedingungen"},"content":{"rendered":"\n<h2 class=\"wp-block-heading\"  class=\"wp-block-heading\"  id=\"allgemeine_geschaeftsbedingungen\">Allgemeine Gesch\u00e4ftsbedingungen<\/h2>\n\n\n\n<p>Die auf dieser Webseite verfassten Allgemeinen Gesch\u00e4ftsbedingungen f\u00fcr die Webseite regeln Ihre Nutzung unserer Webseite Asktraders, die unter <a href=\"https:\/\/asktraders-stg.knitbyhands.com\">www.asktraders.com<\/a>\u00a0zu erreichen ist.<\/p>\n\n\n\n<p>Die Bedingungen werden vollst\u00e4ndig angewendet und wirken sich auf Ihre Nutzung dieser Webseite aus. Durch die Nutzung der Webseite erkl\u00e4ren Sie sich damit einverstanden, alle hier ausgef\u00fchrten Bedingungen zu akzeptieren. Sie d\u00fcrfen diese Webseite nicht nutzen, wenn Sie mit den Allgemeinen Gesch\u00e4ftsbedingungen der Webseite nicht einverstanden sind.<\/p>\n\n\n\n<h2 class=\"wp-block-heading\" class=\"wp-block-heading\" id=\"rechte_an_geistigem_eigentum\">RECHTE AN GEISTIGEM EIGENTUM<\/h2>\n\n\n\n<p>Abgesehen von den Inhalten, die Sie besitzen, besitzen Finaffiliates Limited und\/oder ihre Lizenzgeber gem\u00e4\u00df diesen Bedingungen alle geistigen Eigentumsrechte. Ihnen wird ein limitierter Zugang zu den Materialien, die auf dieser Webseite zu finden sind, erlaubt, um diese einzusehen.<\/p>\n\n\n\n<h2 class=\"wp-block-heading\" class=\"wp-block-heading\" id=\"einschraenkungen\">EINSCHR\u00c4NKUNGEN<\/h2>\n\n\n\n<p>Vor allem sind die folgenden Dinge Ihnen ausdr\u00fccklich untersagt:<\/p>\n\n\n\n<ul class=\"wp-block-list\">\n<li>Die Ver\u00f6ffentlichung von Materialien dieser Webseite auf anderen Webseiten, Plattformen und Medien jeglicher Art <\/li>\n\n\n\n<li>Verkauf, Unterlizenzierung und\/oder anderweitige<\/li>\n\n\n\n<li>Kommerzialisierung von Webseiten-Materialien<\/li>\n\n\n\n<li>\u00d6ffentliches Teilen und Zeigen von Webseiten-Materialien<\/li>\n\n\n\n<li>Das Nutzen dieser Webseite, welches die Webseite oder deren Inhalte besch\u00e4digen k\u00f6nnte<\/li>\n\n\n\n<li>Die Webseite in einer Form nutzen, dass andere Nutzer keinen Zugriff mehr darauf haben<\/li>\n\n\n\n<li>Die Nutzung der Webseite entgegen von Gesetzen und Regulationen oder die Verwendung der Webseite, die anderen Personen und Institutionen Schaden zuf\u00fcgen k\u00f6nnte<\/li>\n\n\n\n<li>Teilnahme an Data-Mining, Datenextraktion,<\/li>\n\n\n\n<li>Datendiebstahl oder \u00e4hnliche Aktivit\u00e4ten in Bezug auf diese Webseite <\/li>\n\n\n\n<li>Die Verwendung dieser Webseite und deren Inhalte in Werbung oder Marketing<\/li>\n<\/ul>\n\n\n\n<p>Bestimmte Bereiche dieser Webseite sind f\u00fcr Sie nicht erreichbar und Finaffiliates Limited beh\u00e4lt sich die M\u00f6glichkeit offen, weitere Bereiche f\u00fcr Sie unzug\u00e4nglich zu machen, sollte dies n\u00f6tig sein. Ihre Zugangsdaten und pers\u00f6nlichen Informationen sind geheim und Sie m\u00fcssen ebenfalls f\u00fcr die Geheimhaltung dieser Daten sorgen.<\/p>\n\n\n\n<h2 class=\"wp-block-heading\" class=\"wp-block-heading\" id=\"ihre_inhalte\">IHRE INHALTE<\/h2>\n\n\n\n<p>In den Allgemeinen Gesch\u00e4ftsbedingungen dieser Webseite bezieht sich &#8222;Ihre Inhalte\u275e auf jede Form von Audio, Video, Text, Bild oder andere Materialien, die von Ihnen auf dieser Webseite gezeigt werden. Mit der Ver\u00f6ffentlichung Ihrer Materialien geben Sie Finaffiliates Limited eine nicht- exklusive weltweite Unterlizenzierung, die es dem Unternehmen erlaubt, Ihre Materialien zu verwenden, zu reproduzieren, zu ver\u00f6ffentlichen, zu \u00fcbersetzen und in jeder Form von Medien zu teilen.<\/p>\n\n\n\n<p>Ihre Inhalte m\u00fcssen Ihre eigenen sein und d\u00fcrfen keine Rechte von dritten Parteien verletzen. Finaffiliates Limited hat das Recht, jegliche Ihrer Inhalte zu jeder Zeit zu entfernen, ohne dass Sie dar\u00fcber informiert werden.<\/p>\n\n\n\n<h2 class=\"wp-block-heading\" class=\"wp-block-heading\" id=\"keine_garantie\">KEINE GARANTIE<\/h2>\n\n\n\n<p>Diese Webseite wird &#8222;wie gesehen\u201d mit allen m\u00f6glichen Fehlern bereitgestellt und Finaffiliates Limited gibt keine Garantie oder Gew\u00e4hrleistung jeglicher Art in Bezug auf die Richtigkeit auf dieser Webseite oder die auf dieser Webseite enthaltenen Materialien und Inhalte. Au\u00dferdem sind die Materialien und Informationen auf dieser Webseite keine Beratung und sollten auch nicht als diese ausgelegt werden.<\/p>\n\n\n\n<h2 class=\"wp-block-heading\" class=\"wp-block-heading\" id=\"haftungsbeschraenkung\">HAFTUNGSBESCHR\u00c4NKUNG<\/h2>\n\n\n\n<p>In keinem Fall haften Finaffiliates Limited oder seine leitenden Angestellten, Direktoren und Mitarbeiter f\u00fcr irgendetwas, das sich aus oder in irgendeiner Weise im Zusammenhang mit Ihrer Nutzung dieser Webseite ergibt. Unabh\u00e4ngig davon, ob diese Haftung vertraglich vereinbart ist. Finaffiliates Limited und seine leitenden Angestellten, Direktoren und Mitarbeiter haften nicht f\u00fcr indirekte Folge- oder Sonderhaftungen, die sich aus oder in irgendeiner Weise im Zusammenhang mit Ihrer Nutzung dieser Webseite ergeben.<\/p>\n\n\n\n<h2 class=\"wp-block-heading\" class=\"wp-block-heading\" id=\"entschaedigungen\">ENTSCH\u00c4DIGUNGEN<\/h2>\n\n\n\n<p>Hiermit stellen Sie Finaffiliates Limited in vollem Umfang von allen Verbindlichkeiten, Kosten, Forderungen, Klagegr\u00fcnden, Sch\u00e4den und Aufwendungen frei, die in irgendeiner Form im Zusammenhang mit Ihrem Versto\u00dfen gegen eine der Bestimmungen dieser Bedingungen entstehen.<\/p>\n\n\n\n<h2 class=\"wp-block-heading\" class=\"wp-block-heading\" id=\"trennbarkeit\">TRENNBARKEIT<\/h2>\n\n\n\n<p>Sollte sich herausstellen, dass eine der Allgemeinen Gesch\u00e4ftsbedingungen nach geltendem Recht ung\u00fcltig ist, wird diese Bestimmung gel\u00f6scht, ohne dass die \u00fcbrigen Bestimmungen davon ber\u00fchrt werden.<\/p>\n\n\n\n<h2 class=\"wp-block-heading\" class=\"wp-block-heading\" id=\"veraenderungen_der_geschaeftsbedingungen\">VER\u00c4NDERUNGEN DER GESCH\u00c4FTSBEDINGUNGEN<\/h2>\n\n\n\n<p>Finaffiliates Limited beh\u00e4lt es sich vor, die Allgemeinen Gesch\u00e4ftsbedingungen jederzeit zu ver\u00e4ndern. Mit der Nutzung dieser Webseite stimmen Sie zu, dass Sie die Allgemeinen Gesch\u00e4ftsbedingungen selbst ohne Aufforderung regelm\u00e4\u00dfig einsehen.<\/p>\n\n\n\n<h2 class=\"wp-block-heading\" class=\"wp-block-heading\" id=\"abtretung\">ABTRETUNG<\/h2>\n\n\n\n<p>Finaffiliates Limited hat das Recht, die eigenen Rechte zu ver\u00e4ndern, \u00fcbertragen, unterzuvergeben, ohne dass Sie dar\u00fcber informiert werden. Allerdings d\u00fcrfen Sie keines Ihrer Rechte oder Pflichten \u00fcbertragen, ver\u00e4ndern oder untervergeben.<\/p>\n\n\n\n<h2 class=\"wp-block-heading\" class=\"wp-block-heading\" id=\"vollstaendigkeitsklausel\">VOLLST\u00c4NDIGKEITSKLAUSEL<\/h2>\n\n\n\n<p>Diese Allgemeinen Gesch\u00e4ftsbedingungen bilden die gesamte Vereinbarung zwischen Finaffiliates Limited und Ihnen, wenn es um diese Webseite und die Nutzung dieser geht. Alle anderen Vereinbarungen werden von diesen Gesch\u00e4ftsbedingungen \u00fcberstimmt.<\/p>\n\n\n\n<h2 class=\"wp-block-heading\" class=\"wp-block-heading\" id=\"geltendes_recht_gerichtsstand\">GELTENDES RECHT &amp; GERICHTSSTAND<\/h2>\n\n\n\n<p>Diese Allgemeinen Gesch\u00e4ftsbedingungen werden in \u00dcbereinstimmung mit dem geltenden Recht des Staates Malta \u00fcberpr\u00fcft, ausgef\u00fchrt und interpretiert. Weiterhin erkl\u00e4ren Sie sich bereit, jegliche Dispute und deren L\u00f6sung mit den \u00f6rtlichen Gerichten und Beh\u00f6rden in Malta auszumachen.<\/p>\n","protected":false},"excerpt":{"rendered":"<p>Allgemeine Gesch\u00e4ftsbedingungen Die auf dieser Webseite verfassten Allgemeinen Gesch\u00e4ftsbedingungen f\u00fcr die Webseite regeln Ihre Nutzung unserer Webseite Asktraders, die unter www.asktraders.com\u00a0zu erreichen ist. Die Bedingungen werden vollst\u00e4ndig angewendet und wirken sich auf Ihre Nutzung dieser Webseite aus. Durch die Nutzung der Webseite erkl\u00e4ren Sie sich damit einverstanden, alle hier ausgef\u00fchrten Bedingungen zu akzeptieren. Sie d\u00fcrfen &hellip; <a href=\"https:\/\/asktraders-stg.knitbyhands.com\/de\/nutzungsbedingungen\/\">Continued<\/a><\/p>\n","protected":false},"author":266,"featured_media":0,"parent":0,"menu_order":0,"comment_status":"closed","ping_status":"closed","template":"info-page.blade.php","meta":{"_acf_changed":false,"inline_featured_image":false,"footnotes":""},"tradingcategory":[],"class_list":["post-11589","page","type-page","status-publish","hentry"],"acf":[],"yoast_head":"<!-- This site is optimized with the Yoast SEO Premium plugin v26.3 (Yoast SEO v26.4) - https:\/\/yoast.com\/wordpress\/plugins\/seo\/ -->\n<title>Nutzungsbedingungen | asktraders-stg.knitbyhands.com<\/title>\n<meta name=\"description\" content=\"Allgemeine Gesch\u00e4ftsbedingungen Die auf dieser Webseite verfassten Allgemeinen Gesch\u00e4ftsbedingungen f\u00fcr die Webseite regeln Ihre Nutzung unserer Webseite\" \/>\n<meta name=\"robots\" content=\"index, follow, max-snippet:-1, max-image-preview:large, max-video-preview:-1\" \/>\n<link rel=\"canonical\" href=\"https:\/\/asktraders-stg.knitbyhands.com\/de\/nutzungsbedingungen\/\" \/>\n<meta property=\"og:locale\" content=\"de_DE\" \/>\n<meta property=\"og:type\" content=\"article\" \/>\n<meta property=\"og:title\" content=\"Nutzungsbedingungen\" \/>\n<meta property=\"og:description\" content=\"Allgemeine Gesch\u00e4ftsbedingungen Die auf dieser Webseite verfassten Allgemeinen Gesch\u00e4ftsbedingungen f\u00fcr die Webseite regeln Ihre Nutzung unserer Webseite\" \/>\n<meta property=\"og:url\" content=\"https:\/\/asktraders-stg.knitbyhands.com\/de\/nutzungsbedingungen\/\" \/>\n<meta property=\"og:site_name\" content=\"asktraders-stg.knitbyhands.com\" \/>\n<meta property=\"article:publisher\" content=\"https:\/\/www.facebook.com\/asktraderscom\" \/>\n<meta property=\"article:modified_time\" content=\"2023-10-20T09:48:16+00:00\" \/>\n<meta property=\"og:image\" content=\"https:\/\/asktraders-stg.knitbyhands.com\/wp-content\/uploads\/2020\/08\/Social-media-share-2.png\" \/>\n\t<meta property=\"og:image:width\" content=\"1104\" \/>\n\t<meta property=\"og:image:height\" content=\"578\" \/>\n\t<meta property=\"og:image:type\" content=\"image\/png\" \/>\n<meta name=\"twitter:card\" content=\"summary_large_image\" \/>\n<meta name=\"twitter:site\" content=\"@Asktraders1\" \/>\n<meta name=\"twitter:label1\" content=\"Gesch\u00e4tzte Lesezeit\" \/>\n\t<meta name=\"twitter:data1\" content=\"4\u00a0Minuten\" \/>\n<script type=\"application\/ld+json\" class=\"yoast-schema-graph\">{\"@context\":\"https:\/\/schema.org\",\"@graph\":[{\"@type\":\"WebPage\",\"@id\":\"https:\/\/asktraders-stg.knitbyhands.com\/de\/nutzungsbedingungen\/\",\"url\":\"https:\/\/asktraders-stg.knitbyhands.com\/de\/nutzungsbedingungen\/\",\"name\":\"Nutzungsbedingungen | asktraders-stg.knitbyhands.com\",\"isPartOf\":{\"@id\":\"https:\/\/asktraders-stg.knitbyhands.com\/de\/#website\"},\"datePublished\":\"2018-05-27T16:33:37+00:00\",\"dateModified\":\"2023-10-20T09:48:16+00:00\",\"description\":\"Allgemeine Gesch\u00e4ftsbedingungen Die auf dieser Webseite verfassten Allgemeinen Gesch\u00e4ftsbedingungen f\u00fcr die Webseite regeln Ihre Nutzung unserer Webseite\",\"breadcrumb\":{\"@id\":\"https:\/\/asktraders-stg.knitbyhands.com\/de\/nutzungsbedingungen\/#breadcrumb\"},\"inLanguage\":\"de\",\"potentialAction\":[{\"@type\":\"ReadAction\",\"target\":[\"https:\/\/asktraders-stg.knitbyhands.com\/de\/nutzungsbedingungen\/\"]}],\"author\":{\"url\":\"https:\/\/asktraders-stg.knitbyhands.com\/de\/author\/rich\/\"}},{\"@type\":\"BreadcrumbList\",\"@id\":\"https:\/\/asktraders-stg.knitbyhands.com\/de\/nutzungsbedingungen\/#breadcrumb\",\"itemListElement\":[{\"@type\":\"ListItem\",\"position\":1,\"name\":\"Home\",\"item\":\"https:\/\/asktraders-stg.knitbyhands.com\/de\/\"},{\"@type\":\"ListItem\",\"position\":2,\"name\":\"Nutzungsbedingungen\"}]},{\"@type\":\"WebSite\",\"@id\":\"https:\/\/asktraders-stg.knitbyhands.com\/de\/#website\",\"url\":\"https:\/\/asktraders-stg.knitbyhands.com\/de\/\",\"name\":\"AskTraders\",\"description\":\"Guiding You To Trading Success\",\"publisher\":{\"@id\":\"https:\/\/asktraders-stg.knitbyhands.com\/de\/#organization\"},\"inLanguage\":\"de\"},{\"@type\":\"Organization\",\"@id\":\"https:\/\/asktraders-stg.knitbyhands.com\/de\/#organization\",\"name\":\"AskTraders\",\"url\":\"https:\/\/asktraders-stg.knitbyhands.com\/de\/\",\"logo\":{\"@type\":\"ImageObject\",\"inLanguage\":\"de\",\"@id\":\"https:\/\/asktraders-stg.knitbyhands.com\/de\/#\/schema\/logo\/image\/\",\"url\":\"https:\/\/asktraders-stg.knitbyhands.com\/wp-content\/uploads\/2019\/05\/asktraders-logo-tm-white.png\",\"contentUrl\":\"https:\/\/asktraders-stg.knitbyhands.com\/wp-content\/uploads\/2019\/05\/asktraders-logo-tm-white.png\",\"width\":232,\"height\":38,\"caption\":\"AskTraders\"},\"image\":{\"@id\":\"https:\/\/asktraders-stg.knitbyhands.com\/de\/#\/schema\/logo\/image\/\"},\"sameAs\":[\"https:\/\/www.facebook.com\/asktraderscom\",\"https:\/\/x.com\/Asktraders1\"]}]}<\/script>\n<!-- \/ Yoast SEO Premium plugin. -->","yoast_head_json":{"title":"Nutzungsbedingungen | asktraders-stg.knitbyhands.com","description":"Allgemeine Gesch\u00e4ftsbedingungen Die auf dieser Webseite verfassten Allgemeinen Gesch\u00e4ftsbedingungen f\u00fcr die Webseite regeln Ihre Nutzung unserer Webseite","robots":{"index":"index","follow":"follow","max-snippet":"max-snippet:-1","max-image-preview":"max-image-preview:large","max-video-preview":"max-video-preview:-1"},"canonical":"https:\/\/asktraders-stg.knitbyhands.com\/de\/nutzungsbedingungen\/","og_locale":"de_DE","og_type":"article","og_title":"Nutzungsbedingungen","og_description":"Allgemeine Gesch\u00e4ftsbedingungen Die auf dieser Webseite verfassten Allgemeinen Gesch\u00e4ftsbedingungen f\u00fcr die Webseite regeln Ihre Nutzung unserer Webseite","og_url":"https:\/\/asktraders-stg.knitbyhands.com\/de\/nutzungsbedingungen\/","og_site_name":"asktraders-stg.knitbyhands.com","article_publisher":"https:\/\/www.facebook.com\/asktraderscom","article_modified_time":"2023-10-20T09:48:16+00:00","og_image":[{"width":1104,"height":578,"url":"https:\/\/asktraders-stg.knitbyhands.com\/wp-content\/uploads\/2020\/08\/Social-media-share-2.png","type":"image\/png"}],"twitter_card":"summary_large_image","twitter_site":"@Asktraders1","twitter_misc":{"Gesch\u00e4tzte Lesezeit":"4\u00a0Minuten"},"schema":{"@context":"https:\/\/schema.org","@graph":[{"@type":"WebPage","@id":"https:\/\/asktraders-stg.knitbyhands.com\/de\/nutzungsbedingungen\/","url":"https:\/\/asktraders-stg.knitbyhands.com\/de\/nutzungsbedingungen\/","name":"Nutzungsbedingungen | asktraders-stg.knitbyhands.com","isPartOf":{"@id":"https:\/\/asktraders-stg.knitbyhands.com\/de\/#website"},"datePublished":"2018-05-27T16:33:37+00:00","dateModified":"2023-10-20T09:48:16+00:00","description":"Allgemeine Gesch\u00e4ftsbedingungen Die auf dieser Webseite verfassten Allgemeinen Gesch\u00e4ftsbedingungen f\u00fcr die Webseite regeln Ihre Nutzung unserer Webseite","breadcrumb":{"@id":"https:\/\/asktraders-stg.knitbyhands.com\/de\/nutzungsbedingungen\/#breadcrumb"},"inLanguage":"de","potentialAction":[{"@type":"ReadAction","target":["https:\/\/asktraders-stg.knitbyhands.com\/de\/nutzungsbedingungen\/"]}],"author":{"url":"https:\/\/asktraders-stg.knitbyhands.com\/de\/author\/rich\/"}},{"@type":"BreadcrumbList","@id":"https:\/\/asktraders-stg.knitbyhands.com\/de\/nutzungsbedingungen\/#breadcrumb","itemListElement":[{"@type":"ListItem","position":1,"name":"Home","item":"https:\/\/asktraders-stg.knitbyhands.com\/de\/"},{"@type":"ListItem","position":2,"name":"Nutzungsbedingungen"}]},{"@type":"WebSite","@id":"https:\/\/asktraders-stg.knitbyhands.com\/de\/#website","url":"https:\/\/asktraders-stg.knitbyhands.com\/de\/","name":"AskTraders","description":"Guiding You To Trading Success","publisher":{"@id":"https:\/\/asktraders-stg.knitbyhands.com\/de\/#organization"},"inLanguage":"de"},{"@type":"Organization","@id":"https:\/\/asktraders-stg.knitbyhands.com\/de\/#organization","name":"AskTraders","url":"https:\/\/asktraders-stg.knitbyhands.com\/de\/","logo":{"@type":"ImageObject","inLanguage":"de","@id":"https:\/\/asktraders-stg.knitbyhands.com\/de\/#\/schema\/logo\/image\/","url":"https:\/\/asktraders-stg.knitbyhands.com\/wp-content\/uploads\/2019\/05\/asktraders-logo-tm-white.png","contentUrl":"https:\/\/asktraders-stg.knitbyhands.com\/wp-content\/uploads\/2019\/05\/asktraders-logo-tm-white.png","width":232,"height":38,"caption":"AskTraders"},"image":{"@id":"https:\/\/asktraders-stg.knitbyhands.com\/de\/#\/schema\/logo\/image\/"},"sameAs":["https:\/\/www.facebook.com\/asktraderscom","https:\/\/x.com\/Asktraders1"]}]}},"_links":{"self":[{"href":"https:\/\/asktraders-stg.knitbyhands.com\/de\/wp-json\/wp\/v2\/pages\/11589","targetHints":{"allow":["GET"]}}],"collection":[{"href":"https:\/\/asktraders-stg.knitbyhands.com\/de\/wp-json\/wp\/v2\/pages"}],"about":[{"href":"https:\/\/asktraders-stg.knitbyhands.com\/de\/wp-json\/wp\/v2\/types\/page"}],"author":[{"embeddable":true,"href":"https:\/\/asktraders-stg.knitbyhands.com\/de\/wp-json\/wp\/v2\/users\/266"}],"replies":[{"embeddable":true,"href":"https:\/\/asktraders-stg.knitbyhands.com\/de\/wp-json\/wp\/v2\/comments?post=11589"}],"version-history":[{"count":0,"href":"https:\/\/asktraders-stg.knitbyhands.com\/de\/wp-json\/wp\/v2\/pages\/11589\/revisions"}],"wp:attachment":[{"href":"https:\/\/asktraders-stg.knitbyhands.com\/de\/wp-json\/wp\/v2\/media?parent=11589"}],"wp:term":[{"taxonomy":"tradingcategory","embeddable":true,"href":"https:\/\/asktraders-stg.knitbyhands.com\/de\/wp-json\/wp\/v2\/tradingcategory?post=11589"}],"curies":[{"name":"wp","href":"https:\/\/api.w.org\/{rel}","templated":true}]}}