{"id":123292,"date":"2021-08-02T13:08:24","date_gmt":"2021-08-02T12:08:24","guid":{"rendered":"https:\/\/asktraders-stg.knitbyhands.com\/?page_id=123292"},"modified":"2023-03-07T16:31:27","modified_gmt":"2023-03-07T16:31:27","slug":"terminos-y-condiciones","status":"publish","type":"page","link":"https:\/\/asktraders-stg.knitbyhands.com\/es\/terminos-y-condiciones\/","title":{"rendered":"T\u00e9rminos y Condiciones"},"content":{"rendered":"\n<p>Los &nbsp;T\u00e9rminos y condiciones Generales del Sitio Web, que figuran en esta p\u00e1gina web, regulan el uso de nuestro sitio, Asktraders, al que se puede acceder a trav\u00e9s de www.asktraders.com.<\/p>\n\n\n\n<p>Estas condiciones se aplicar\u00e1n plenamente y afectar\u00e1n a su uso de este sitio web. Al utilizar el mismo, usted est\u00e1 de acuerdo en aceptar todos los t\u00e9rminos y condiciones escritos aqu\u00ed. Usted no debe utilizar este sitio web si no est\u00e1 de acuerdo con cualquiera de estos T\u00e9rminos y Condiciones Generales del Sitio Web.<\/p>\n\n\n\n<h2 class=\"wp-block-heading\"  class=\"wp-block-heading\"  id=\"derechos_de_propiedad_intelectual\">DERECHOS DE PROPIEDAD INTELECTUAL<\/h2>\n\n\n\n<p>Aparte del contenido que le pertenece, en virtud de los presentes T\u00e9rminos y Condiciones, Finaffiliates Limited y\/o sus licenciantes poseen todos los derechos de propiedad intelectual y los materiales contenidos en este Sitio Web.<\/p>\n\n\n\n<p>Se le concede una licencia limitada s\u00f3lo para ver el material recogido en este sitio web.<\/p>\n\n\n\n<h2 class=\"wp-block-heading\" class=\"wp-block-heading\" id=\"restricciones\">RESTRICCIONES<\/h2>\n\n\n\n<p>Usted est\u00e1 espec\u00edficamente restringido de todo lo siguiente:<\/p>\n\n\n\n<ul class=\"wp-block-list\"><li>publicar cualquier material del sitio web en cualquier otro medio;<\/li><li>vender, sublicenciar y\/o comercializar de otro modo<\/li><li>cualquier material del sitio web;<\/li><li>la presentaci\u00f3n y\/o exhibici\u00f3n p\u00fablica de cualquier material del sitio web;<\/li><li>utilizar este sitio web de cualquier manera que sea o pueda ser perjudicial para el mismo;<\/li><li>utilizar este sitio web de cualquier forma que afecte al acceso de los usuarios al mismo;<\/li><li>utilizar este sitio web de forma contraria a las leyes y reglamentos aplicables, o que de alguna manera pueda causar da\u00f1o al mismo, o a cualquier persona o entidad comercial;<\/li><li>realizar cualquier tipo de miner\u00eda de datos, recolecci\u00f3n de datos, extracci\u00f3n de datos o cualquier otra actividad similar en relaci\u00f3n con este sitio web;<\/li><li>utilizar este sitio web para hacer publicidad o marketing.<\/li><\/ul>\n\n\n\n<p>Ciertas \u00e1reas de este Sitio Web est\u00e1n restringidas al acceso del usuario y Finaffiliates Limited puede restringir a\u00fan m\u00e1s el acceso del usuario a cualquier \u00e1rea de este sitio Web, en cualquier momento, a su absoluta discreci\u00f3n. Cualquier identificaci\u00f3n de usuario y contrase\u00f1a que pueda tener para este Sitio Web son confidenciales y usted tambi\u00e9n deber\u00e1 mantener la confidencialidad.<\/p>\n\n\n\n<h2 class=\"wp-block-heading\" class=\"wp-block-heading\" id=\"su_contenido\">SU CONTENIDO<\/h2>\n\n\n\n<p>En estos T\u00e9rminos y Condiciones Generales del Sitio Web, se entender\u00e1 por &lt;&lt;Su Contenido\u00bb cualquier texto de audio, v\u00eddeo, im\u00e1genes u otro material que usted decida mostrar en este Sitio Web. Al mostrar Su Contenido, usted concede a Finaffiliates Limited una licencia no exclusiva, irrevocable y sublicenciable a nivel mundial para utilizarlo, reproducirlo, adaptarlo, publicarlo, traducirlo y distribuirlo en cualquier medio de comunicaci\u00f3n.<\/p>\n\n\n\n<p>Su Contenido debe ser propio y no debe invadir los derechos de terceros. Finaffiliates Limited se reserva el derecho a eliminar cualquier Contenido suyo de este sitio Web en cualquier momento y sin previo aviso.<\/p>\n\n\n\n<h2 class=\"wp-block-heading\" class=\"wp-block-heading\" id=\"sin_garantias\">SIN GARANT\u00cdAS<\/h2>\n\n\n\n<p>Este sitio Web se proporciona \u00ab&lt;tal cual\u00bb, con todos los defectos, y Finaffiliates Limited no expresa ninguna representaci\u00f3n ni garant\u00eda, de ning\u00fan tipo, en relaci\u00f3n con este Sitio Web o los materiales contenidos en el mismo. Asimismo, nada de lo contenido en este Sitio Web se interpretar\u00e1 como un asesoramiento personalizado.<\/p>\n\n\n\n<h2 class=\"wp-block-heading\" class=\"wp-block-heading\" id=\"limitacion_de_responsabilidad\">LIMITACI\u00d3N DE RESPONSABILIDAD<\/h2>\n\n\n\n<p>En ning\u00fan caso Finaffiliates Limited, ni ninguno de sus funcionarios, directores y empleados, ser\u00e1n responsables de cualquier cosa que se derive o est\u00e9 relacionada de alguna manera con el uso que usted haga de este Sitio Web, independientemente de que dicha responsabilidad sea contractual. Finaffiliates Limited, incluidos sus funcionarios, directores y empleados, no ser\u00e1n responsables de ninguna responsabilidad indirecta, consecuente o especial que surja o est\u00e9 relacionada de alguna manera con el uso que usted haga de este Sitio Web.<\/p>\n\n\n\n<h2 class=\"wp-block-heading\" class=\"wp-block-heading\" id=\"indemnizacion\">INDEMNIZACI\u00d3N<\/h2>\n\n\n\n<p>Por la presente, usted exime a Finaffiliates Limited de todas las responsabilidades, costes, demandas, causas de acci\u00f3n, da\u00f1os y gastos que surjan de cualquier forma relacionados con el incumplimiento por su parte de cualquiera de las disposiciones de estas Condiciones.<\/p>\n\n\n\n<h2 class=\"wp-block-heading\" class=\"wp-block-heading\" id=\"disociabilidad\">DISOCIABILIDAD<\/h2>\n\n\n\n<p>Si alguna de las disposiciones de estas Condiciones se considera inv\u00e1lida en virtud de la legislaci\u00f3n aplicable, dichas disposiciones se eliminar\u00e1n sin que ello afecte a las restantes disposiciones del presente documento.<\/p>\n\n\n\n<h2 class=\"wp-block-heading\" class=\"wp-block-heading\" id=\"variacion_de_los_terminos\">VARIACI\u00d3N DE LOS T\u00c9RMINOS<\/h2>\n\n\n\n<p>Finaffiliates Limited est\u00e1 autorizada a revisar estos T\u00e9rminos en cualquier momento seg\u00fan lo considere oportuno, y al utilizar este Sitio Web se espera que usted revise estos T\u00e9rminos de forma regular.<\/p>\n\n\n\n<h2 class=\"wp-block-heading\" class=\"wp-block-heading\" id=\"cesion\">CESI\u00d3N<\/h2>\n\n\n\n<p>Finaffiliates Limited est\u00e1 autorizada a ceder, transferir y subcontratar sus derechos y\/u obligaciones en virtud de estas Condiciones sin ninguna notificaci\u00f3n. Sin embargo, usted no est\u00e1 autorizado a ceder, transferir o subcontratar ninguno de sus derechos y\/u obligaciones en virtud de estas condiciones.<\/p>\n\n\n\n<h2 class=\"wp-block-heading\" class=\"wp-block-heading\" id=\"acuerdo_integral\">ACUERDO INTEGRAL<\/h2>\n\n\n\n<p>Estas Condiciones constituyen el acuerdo \u00edntegro entre Finaffiliates Limited y el usuario en relaci\u00f3n con el uso de este Sitio Web, y sustituyen a todos los acuerdos y entendimientos anteriores.<\/p>\n\n\n\n<h2 class=\"wp-block-heading\" class=\"wp-block-heading\" id=\"ley_aplicable_y_jurisdiccion\">LEY APLICABLE Y JURISDICCI\u00d3N<\/h2>\n\n\n\n<p>Estos T\u00e9rminos se regir\u00e1n e interpretar\u00e1n de acuerdo con las leyes del Estado de Malta, y usted se somete a la jurisdicci\u00f3n no exclusiva de los tribunales estatales y federales ubicados en Malta para la resoluci\u00f3n de cualquier disputa.<\/p>\n","protected":false},"excerpt":{"rendered":"<p>Los &nbsp;T\u00e9rminos y condiciones Generales del Sitio Web, que figuran en esta p\u00e1gina web, regulan el uso de nuestro sitio, Asktraders, al que se puede acceder a trav\u00e9s de www.asktraders.com. Estas condiciones se aplicar\u00e1n plenamente y afectar\u00e1n a su uso de este sitio web. Al utilizar el mismo, usted est\u00e1 de acuerdo en aceptar todos &hellip; <a href=\"https:\/\/asktraders-stg.knitbyhands.com\/es\/terminos-y-condiciones\/\">Continued<\/a><\/p>\n","protected":false},"author":268,"featured_media":0,"parent":0,"menu_order":0,"comment_status":"closed","ping_status":"closed","template":"info-page.blade.php","meta":{"_acf_changed":false,"inline_featured_image":false,"footnotes":""},"tradingcategory":[],"class_list":["post-123292","page","type-page","status-publish","hentry"],"acf":[],"yoast_head":"<!-- This site is optimized with the Yoast SEO Premium plugin v26.3 (Yoast SEO v26.4) - https:\/\/yoast.com\/wordpress\/plugins\/seo\/ -->\n<title>T\u00e9rminos y Condiciones | asktraders-stg.knitbyhands.com<\/title>\n<meta name=\"description\" content=\"Los &nbsp;T\u00e9rminos y condiciones Generales del Sitio Web, que figuran en esta p\u00e1gina web, regulan el uso de nuestro sitio, Asktraders, al que se puede\" \/>\n<meta name=\"robots\" content=\"index, follow, max-snippet:-1, max-image-preview:large, max-video-preview:-1\" \/>\n<link rel=\"canonical\" href=\"https:\/\/asktraders-stg.knitbyhands.com\/es\/terminos-y-condiciones\/\" \/>\n<meta property=\"og:locale\" content=\"es_ES\" \/>\n<meta property=\"og:type\" content=\"article\" \/>\n<meta property=\"og:title\" content=\"T\u00e9rminos y Condiciones\" \/>\n<meta property=\"og:description\" content=\"Los &nbsp;T\u00e9rminos y condiciones Generales del Sitio Web, que figuran en esta p\u00e1gina web, regulan el uso de nuestro sitio, Asktraders, al que se puede\" \/>\n<meta property=\"og:url\" content=\"https:\/\/asktraders-stg.knitbyhands.com\/es\/terminos-y-condiciones\/\" \/>\n<meta property=\"og:site_name\" content=\"asktraders-stg.knitbyhands.com\" \/>\n<meta property=\"article:publisher\" content=\"https:\/\/www.facebook.com\/asktraderscom\" \/>\n<meta property=\"article:modified_time\" content=\"2023-03-07T16:31:27+00:00\" \/>\n<meta property=\"og:image\" content=\"https:\/\/asktraders-stg.knitbyhands.com\/wp-content\/uploads\/2020\/08\/Social-media-share-2.png\" \/>\n\t<meta property=\"og:image:width\" content=\"1104\" \/>\n\t<meta property=\"og:image:height\" content=\"578\" \/>\n\t<meta property=\"og:image:type\" content=\"image\/png\" \/>\n<meta name=\"twitter:card\" content=\"summary_large_image\" \/>\n<meta name=\"twitter:site\" content=\"@Asktraders1\" \/>\n<meta name=\"twitter:label1\" content=\"Tiempo de lectura\" \/>\n\t<meta name=\"twitter:data1\" content=\"4 minutos\" \/>\n<script type=\"application\/ld+json\" class=\"yoast-schema-graph\">{\"@context\":\"https:\/\/schema.org\",\"@graph\":[{\"@type\":\"WebPage\",\"@id\":\"https:\/\/asktraders-stg.knitbyhands.com\/es\/terminos-y-condiciones\/\",\"url\":\"https:\/\/asktraders-stg.knitbyhands.com\/es\/terminos-y-condiciones\/\",\"name\":\"T\u00e9rminos y Condiciones | asktraders-stg.knitbyhands.com\",\"isPartOf\":{\"@id\":\"https:\/\/asktraders-stg.knitbyhands.com\/es\/#website\"},\"datePublished\":\"2021-08-02T12:08:24+00:00\",\"dateModified\":\"2023-03-07T16:31:27+00:00\",\"description\":\"Los &nbsp;T\u00e9rminos y condiciones Generales del Sitio Web, que figuran en esta p\u00e1gina web, regulan el uso de nuestro sitio, Asktraders, al que se puede\",\"breadcrumb\":{\"@id\":\"https:\/\/asktraders-stg.knitbyhands.com\/es\/terminos-y-condiciones\/#breadcrumb\"},\"inLanguage\":\"es\",\"potentialAction\":[{\"@type\":\"ReadAction\",\"target\":[\"https:\/\/asktraders-stg.knitbyhands.com\/es\/terminos-y-condiciones\/\"]}],\"author\":{\"url\":\"https:\/\/asktraders-stg.knitbyhands.com\/es\/author\/tiagog\/\"}},{\"@type\":\"BreadcrumbList\",\"@id\":\"https:\/\/asktraders-stg.knitbyhands.com\/es\/terminos-y-condiciones\/#breadcrumb\",\"itemListElement\":[{\"@type\":\"ListItem\",\"position\":1,\"name\":\"Home\",\"item\":\"https:\/\/asktraders-stg.knitbyhands.com\/es\/\"},{\"@type\":\"ListItem\",\"position\":2,\"name\":\"T\u00e9rminos y Condiciones\"}]},{\"@type\":\"WebSite\",\"@id\":\"https:\/\/asktraders-stg.knitbyhands.com\/es\/#website\",\"url\":\"https:\/\/asktraders-stg.knitbyhands.com\/es\/\",\"name\":\"AskTraders\",\"description\":\"Guiding You To Trading Success\",\"publisher\":{\"@id\":\"https:\/\/asktraders-stg.knitbyhands.com\/es\/#organization\"},\"inLanguage\":\"es\"},{\"@type\":\"Organization\",\"@id\":\"https:\/\/asktraders-stg.knitbyhands.com\/es\/#organization\",\"name\":\"AskTraders\",\"url\":\"https:\/\/asktraders-stg.knitbyhands.com\/es\/\",\"logo\":{\"@type\":\"ImageObject\",\"inLanguage\":\"es\",\"@id\":\"https:\/\/asktraders-stg.knitbyhands.com\/es\/#\/schema\/logo\/image\/\",\"url\":\"https:\/\/asktraders-stg.knitbyhands.com\/wp-content\/uploads\/2019\/05\/asktraders-logo-tm-white.png\",\"contentUrl\":\"https:\/\/asktraders-stg.knitbyhands.com\/wp-content\/uploads\/2019\/05\/asktraders-logo-tm-white.png\",\"width\":232,\"height\":38,\"caption\":\"AskTraders\"},\"image\":{\"@id\":\"https:\/\/asktraders-stg.knitbyhands.com\/es\/#\/schema\/logo\/image\/\"},\"sameAs\":[\"https:\/\/www.facebook.com\/asktraderscom\",\"https:\/\/x.com\/Asktraders1\"]}]}<\/script>\n<!-- \/ Yoast SEO Premium plugin. -->","yoast_head_json":{"title":"T\u00e9rminos y Condiciones | asktraders-stg.knitbyhands.com","description":"Los &nbsp;T\u00e9rminos y condiciones Generales del Sitio Web, que figuran en esta p\u00e1gina web, regulan el uso de nuestro sitio, Asktraders, al que se puede","robots":{"index":"index","follow":"follow","max-snippet":"max-snippet:-1","max-image-preview":"max-image-preview:large","max-video-preview":"max-video-preview:-1"},"canonical":"https:\/\/asktraders-stg.knitbyhands.com\/es\/terminos-y-condiciones\/","og_locale":"es_ES","og_type":"article","og_title":"T\u00e9rminos y Condiciones","og_description":"Los &nbsp;T\u00e9rminos y condiciones Generales del Sitio Web, que figuran en esta p\u00e1gina web, regulan el uso de nuestro sitio, Asktraders, al que se puede","og_url":"https:\/\/asktraders-stg.knitbyhands.com\/es\/terminos-y-condiciones\/","og_site_name":"asktraders-stg.knitbyhands.com","article_publisher":"https:\/\/www.facebook.com\/asktraderscom","article_modified_time":"2023-03-07T16:31:27+00:00","og_image":[{"width":1104,"height":578,"url":"https:\/\/asktraders-stg.knitbyhands.com\/wp-content\/uploads\/2020\/08\/Social-media-share-2.png","type":"image\/png"}],"twitter_card":"summary_large_image","twitter_site":"@Asktraders1","twitter_misc":{"Tiempo de lectura":"4 minutos"},"schema":{"@context":"https:\/\/schema.org","@graph":[{"@type":"WebPage","@id":"https:\/\/asktraders-stg.knitbyhands.com\/es\/terminos-y-condiciones\/","url":"https:\/\/asktraders-stg.knitbyhands.com\/es\/terminos-y-condiciones\/","name":"T\u00e9rminos y Condiciones | asktraders-stg.knitbyhands.com","isPartOf":{"@id":"https:\/\/asktraders-stg.knitbyhands.com\/es\/#website"},"datePublished":"2021-08-02T12:08:24+00:00","dateModified":"2023-03-07T16:31:27+00:00","description":"Los &nbsp;T\u00e9rminos y condiciones Generales del Sitio Web, que figuran en esta p\u00e1gina web, regulan el uso de nuestro sitio, Asktraders, al que se puede","breadcrumb":{"@id":"https:\/\/asktraders-stg.knitbyhands.com\/es\/terminos-y-condiciones\/#breadcrumb"},"inLanguage":"es","potentialAction":[{"@type":"ReadAction","target":["https:\/\/asktraders-stg.knitbyhands.com\/es\/terminos-y-condiciones\/"]}],"author":{"url":"https:\/\/asktraders-stg.knitbyhands.com\/es\/author\/tiagog\/"}},{"@type":"BreadcrumbList","@id":"https:\/\/asktraders-stg.knitbyhands.com\/es\/terminos-y-condiciones\/#breadcrumb","itemListElement":[{"@type":"ListItem","position":1,"name":"Home","item":"https:\/\/asktraders-stg.knitbyhands.com\/es\/"},{"@type":"ListItem","position":2,"name":"T\u00e9rminos y Condiciones"}]},{"@type":"WebSite","@id":"https:\/\/asktraders-stg.knitbyhands.com\/es\/#website","url":"https:\/\/asktraders-stg.knitbyhands.com\/es\/","name":"AskTraders","description":"Guiding You To Trading Success","publisher":{"@id":"https:\/\/asktraders-stg.knitbyhands.com\/es\/#organization"},"inLanguage":"es"},{"@type":"Organization","@id":"https:\/\/asktraders-stg.knitbyhands.com\/es\/#organization","name":"AskTraders","url":"https:\/\/asktraders-stg.knitbyhands.com\/es\/","logo":{"@type":"ImageObject","inLanguage":"es","@id":"https:\/\/asktraders-stg.knitbyhands.com\/es\/#\/schema\/logo\/image\/","url":"https:\/\/asktraders-stg.knitbyhands.com\/wp-content\/uploads\/2019\/05\/asktraders-logo-tm-white.png","contentUrl":"https:\/\/asktraders-stg.knitbyhands.com\/wp-content\/uploads\/2019\/05\/asktraders-logo-tm-white.png","width":232,"height":38,"caption":"AskTraders"},"image":{"@id":"https:\/\/asktraders-stg.knitbyhands.com\/es\/#\/schema\/logo\/image\/"},"sameAs":["https:\/\/www.facebook.com\/asktraderscom","https:\/\/x.com\/Asktraders1"]}]}},"_links":{"self":[{"href":"https:\/\/asktraders-stg.knitbyhands.com\/es\/wp-json\/wp\/v2\/pages\/123292","targetHints":{"allow":["GET"]}}],"collection":[{"href":"https:\/\/asktraders-stg.knitbyhands.com\/es\/wp-json\/wp\/v2\/pages"}],"about":[{"href":"https:\/\/asktraders-stg.knitbyhands.com\/es\/wp-json\/wp\/v2\/types\/page"}],"author":[{"embeddable":true,"href":"https:\/\/asktraders-stg.knitbyhands.com\/es\/wp-json\/wp\/v2\/users\/268"}],"replies":[{"embeddable":true,"href":"https:\/\/asktraders-stg.knitbyhands.com\/es\/wp-json\/wp\/v2\/comments?post=123292"}],"version-history":[{"count":0,"href":"https:\/\/asktraders-stg.knitbyhands.com\/es\/wp-json\/wp\/v2\/pages\/123292\/revisions"}],"wp:attachment":[{"href":"https:\/\/asktraders-stg.knitbyhands.com\/es\/wp-json\/wp\/v2\/media?parent=123292"}],"wp:term":[{"taxonomy":"tradingcategory","embeddable":true,"href":"https:\/\/asktraders-stg.knitbyhands.com\/es\/wp-json\/wp\/v2\/tradingcategory?post=123292"}],"curies":[{"name":"wp","href":"https:\/\/api.w.org\/{rel}","templated":true}]}}