{"id":66116,"date":"2020-02-05T12:23:46","date_gmt":"2020-02-05T12:23:46","guid":{"rendered":"https:\/\/asktraders-stg.knitbyhands.com\/front-page-esmx\/"},"modified":"2022-05-03T12:52:07","modified_gmt":"2022-05-03T11:52:07","slug":"front-page-es","status":"publish","type":"page","link":"https:\/\/asktraders-stg.knitbyhands.com\/es\/","title":{"rendered":"Front Page esES"},"content":{"rendered":"","protected":false},"excerpt":{"rendered":"","protected":false},"author":268,"featured_media":0,"parent":0,"menu_order":0,"comment_status":"closed","ping_status":"closed","template":"","meta":{"_acf_changed":false,"inline_featured_image":false,"footnotes":""},"tradingcategory":[],"class_list":["post-66116","page","type-page","status-publish","hentry"],"acf":[],"yoast_head":"<!-- This site is optimized with the Yoast SEO Premium plugin v26.3 (Yoast SEO v26.4) - https:\/\/yoast.com\/wordpress\/plugins\/seo\/ -->\n<title>AskTraders \u00bb 2026 Opere exclusivamente con los mejores corredores!<\/title>\n<meta name=\"description\" content=\"\u00bfNecesita informaci\u00f3n detallada sobre el operar? \u271a Comentarios de los corredores, comparaciones y m\u00e1s en AskTraders \u2714 Mant\u00e9ngase en sinton\u00eda y \u00fanase a la comunidad de expertos en operar!\" \/>\n<meta name=\"robots\" content=\"index, follow, max-snippet:-1, max-image-preview:large, max-video-preview:-1\" \/>\n<link rel=\"canonical\" href=\"https:\/\/asktraders-stg.knitbyhands.com\/es\/\" \/>\n<meta property=\"og:locale\" content=\"es_ES\" \/>\n<meta property=\"og:type\" content=\"article\" \/>\n<meta property=\"og:title\" content=\"Front Page esES\" \/>\n<meta property=\"og:description\" content=\"\u00bfNecesita informaci\u00f3n detallada sobre el operar? \u271a Comentarios de los corredores, comparaciones y m\u00e1s en AskTraders \u2714 Mant\u00e9ngase en sinton\u00eda y \u00fanase a la comunidad de expertos en operar!\" \/>\n<meta property=\"og:url\" content=\"https:\/\/asktraders-stg.knitbyhands.com\/es\/\" \/>\n<meta property=\"og:site_name\" content=\"asktraders-stg.knitbyhands.com\" \/>\n<meta property=\"article:publisher\" content=\"https:\/\/www.facebook.com\/asktraderscom\" \/>\n<meta property=\"article:modified_time\" content=\"2022-05-03T11:52:07+00:00\" \/>\n<meta property=\"og:image\" content=\"https:\/\/asktraders-stg.knitbyhands.com\/wp-content\/uploads\/2020\/08\/Social-media-share-2.png\" \/>\n\t<meta property=\"og:image:width\" content=\"1104\" \/>\n\t<meta property=\"og:image:height\" content=\"578\" \/>\n\t<meta property=\"og:image:type\" content=\"image\/png\" \/>\n<meta name=\"twitter:card\" content=\"summary_large_image\" \/>\n<meta name=\"twitter:site\" content=\"@Asktraders1\" \/>\n<script type=\"application\/ld+json\" class=\"yoast-schema-graph\">{\"@context\":\"https:\/\/schema.org\",\"@graph\":[{\"@type\":\"WebPage\",\"@id\":\"https:\/\/asktraders-stg.knitbyhands.com\/es\/\",\"url\":\"https:\/\/asktraders-stg.knitbyhands.com\/es\/\",\"name\":\"AskTraders \u00bb [yyyy] Opere exclusivamente con los mejores corredores!\",\"isPartOf\":{\"@id\":\"https:\/\/asktraders-stg.knitbyhands.com\/es\/#website\"},\"datePublished\":\"2020-02-05T12:23:46+00:00\",\"dateModified\":\"2022-05-03T11:52:07+00:00\",\"description\":\"\u00bfNecesita informaci\u00f3n detallada sobre el operar? \u271a Comentarios de los corredores, comparaciones y m\u00e1s en AskTraders \u2714 Mant\u00e9ngase en sinton\u00eda y \u00fanase a la comunidad de expertos en operar!\",\"breadcrumb\":{\"@id\":\"https:\/\/asktraders-stg.knitbyhands.com\/es\/#breadcrumb\"},\"inLanguage\":\"es\",\"potentialAction\":[{\"@type\":\"ReadAction\",\"target\":[\"https:\/\/asktraders-stg.knitbyhands.com\/es\/\"]}],\"author\":{\"url\":\"https:\/\/asktraders-stg.knitbyhands.com\/es\/author\/tiagog\/\"}},{\"@type\":\"BreadcrumbList\",\"@id\":\"https:\/\/asktraders-stg.knitbyhands.com\/es\/#breadcrumb\",\"itemListElement\":[{\"@type\":\"ListItem\",\"position\":1,\"name\":\"Home\",\"item\":\"https:\/\/asktraders-stg.knitbyhands.com\/es\/\"},{\"@type\":\"ListItem\",\"position\":2,\"name\":\"Front Page esES\"}]},{\"@type\":\"WebSite\",\"@id\":\"https:\/\/asktraders-stg.knitbyhands.com\/es\/#website\",\"url\":\"https:\/\/asktraders-stg.knitbyhands.com\/es\/\",\"name\":\"AskTraders\",\"description\":\"Guiding You To Trading Success\",\"publisher\":{\"@id\":\"https:\/\/asktraders-stg.knitbyhands.com\/es\/#organization\"},\"inLanguage\":\"es\"},{\"@type\":\"Organization\",\"@id\":\"https:\/\/asktraders-stg.knitbyhands.com\/es\/#organization\",\"name\":\"AskTraders\",\"url\":\"https:\/\/asktraders-stg.knitbyhands.com\/es\/\",\"logo\":{\"@type\":\"ImageObject\",\"inLanguage\":\"es\",\"@id\":\"https:\/\/asktraders-stg.knitbyhands.com\/es\/#\/schema\/logo\/image\/\",\"url\":\"https:\/\/asktraders-stg.knitbyhands.com\/wp-content\/uploads\/2019\/05\/asktraders-logo-tm-white.png\",\"contentUrl\":\"https:\/\/asktraders-stg.knitbyhands.com\/wp-content\/uploads\/2019\/05\/asktraders-logo-tm-white.png\",\"width\":232,\"height\":38,\"caption\":\"AskTraders\"},\"image\":{\"@id\":\"https:\/\/asktraders-stg.knitbyhands.com\/es\/#\/schema\/logo\/image\/\"},\"sameAs\":[\"https:\/\/www.facebook.com\/asktraderscom\",\"https:\/\/x.com\/Asktraders1\"]}]}<\/script>\n<!-- \/ Yoast SEO Premium plugin. -->","yoast_head_json":{"title":"AskTraders \u00bb 2026 Opere exclusivamente con los mejores corredores!","description":"\u00bfNecesita informaci\u00f3n detallada sobre el operar? \u271a Comentarios de los corredores, comparaciones y m\u00e1s en AskTraders \u2714 Mant\u00e9ngase en sinton\u00eda y \u00fanase a la comunidad de expertos en operar!","robots":{"index":"index","follow":"follow","max-snippet":"max-snippet:-1","max-image-preview":"max-image-preview:large","max-video-preview":"max-video-preview:-1"},"canonical":"https:\/\/asktraders-stg.knitbyhands.com\/es\/","og_locale":"es_ES","og_type":"article","og_title":"Front Page esES","og_description":"\u00bfNecesita informaci\u00f3n detallada sobre el operar? \u271a Comentarios de los corredores, comparaciones y m\u00e1s en AskTraders \u2714 Mant\u00e9ngase en sinton\u00eda y \u00fanase a la comunidad de expertos en operar!","og_url":"https:\/\/asktraders-stg.knitbyhands.com\/es\/","og_site_name":"asktraders-stg.knitbyhands.com","article_publisher":"https:\/\/www.facebook.com\/asktraderscom","article_modified_time":"2022-05-03T11:52:07+00:00","og_image":[{"width":1104,"height":578,"url":"https:\/\/asktraders-stg.knitbyhands.com\/wp-content\/uploads\/2020\/08\/Social-media-share-2.png","type":"image\/png"}],"twitter_card":"summary_large_image","twitter_site":"@Asktraders1","schema":{"@context":"https:\/\/schema.org","@graph":[{"@type":"WebPage","@id":"https:\/\/asktraders-stg.knitbyhands.com\/es\/","url":"https:\/\/asktraders-stg.knitbyhands.com\/es\/","name":"AskTraders \u00bb [yyyy] Opere exclusivamente con los mejores corredores!","isPartOf":{"@id":"https:\/\/asktraders-stg.knitbyhands.com\/es\/#website"},"datePublished":"2020-02-05T12:23:46+00:00","dateModified":"2022-05-03T11:52:07+00:00","description":"\u00bfNecesita informaci\u00f3n detallada sobre el operar? \u271a Comentarios de los corredores, comparaciones y m\u00e1s en AskTraders \u2714 Mant\u00e9ngase en sinton\u00eda y \u00fanase a la comunidad de expertos en operar!","breadcrumb":{"@id":"https:\/\/asktraders-stg.knitbyhands.com\/es\/#breadcrumb"},"inLanguage":"es","potentialAction":[{"@type":"ReadAction","target":["https:\/\/asktraders-stg.knitbyhands.com\/es\/"]}],"author":{"url":"https:\/\/asktraders-stg.knitbyhands.com\/es\/author\/tiagog\/"}},{"@type":"BreadcrumbList","@id":"https:\/\/asktraders-stg.knitbyhands.com\/es\/#breadcrumb","itemListElement":[{"@type":"ListItem","position":1,"name":"Home","item":"https:\/\/asktraders-stg.knitbyhands.com\/es\/"},{"@type":"ListItem","position":2,"name":"Front Page esES"}]},{"@type":"WebSite","@id":"https:\/\/asktraders-stg.knitbyhands.com\/es\/#website","url":"https:\/\/asktraders-stg.knitbyhands.com\/es\/","name":"AskTraders","description":"Guiding You To Trading Success","publisher":{"@id":"https:\/\/asktraders-stg.knitbyhands.com\/es\/#organization"},"inLanguage":"es"},{"@type":"Organization","@id":"https:\/\/asktraders-stg.knitbyhands.com\/es\/#organization","name":"AskTraders","url":"https:\/\/asktraders-stg.knitbyhands.com\/es\/","logo":{"@type":"ImageObject","inLanguage":"es","@id":"https:\/\/asktraders-stg.knitbyhands.com\/es\/#\/schema\/logo\/image\/","url":"https:\/\/asktraders-stg.knitbyhands.com\/wp-content\/uploads\/2019\/05\/asktraders-logo-tm-white.png","contentUrl":"https:\/\/asktraders-stg.knitbyhands.com\/wp-content\/uploads\/2019\/05\/asktraders-logo-tm-white.png","width":232,"height":38,"caption":"AskTraders"},"image":{"@id":"https:\/\/asktraders-stg.knitbyhands.com\/es\/#\/schema\/logo\/image\/"},"sameAs":["https:\/\/www.facebook.com\/asktraderscom","https:\/\/x.com\/Asktraders1"]}]}},"_links":{"self":[{"href":"https:\/\/asktraders-stg.knitbyhands.com\/es\/wp-json\/wp\/v2\/pages\/66116","targetHints":{"allow":["GET"]}}],"collection":[{"href":"https:\/\/asktraders-stg.knitbyhands.com\/es\/wp-json\/wp\/v2\/pages"}],"about":[{"href":"https:\/\/asktraders-stg.knitbyhands.com\/es\/wp-json\/wp\/v2\/types\/page"}],"author":[{"embeddable":true,"href":"https:\/\/asktraders-stg.knitbyhands.com\/es\/wp-json\/wp\/v2\/users\/268"}],"replies":[{"embeddable":true,"href":"https:\/\/asktraders-stg.knitbyhands.com\/es\/wp-json\/wp\/v2\/comments?post=66116"}],"version-history":[{"count":0,"href":"https:\/\/asktraders-stg.knitbyhands.com\/es\/wp-json\/wp\/v2\/pages\/66116\/revisions"}],"wp:attachment":[{"href":"https:\/\/asktraders-stg.knitbyhands.com\/es\/wp-json\/wp\/v2\/media?parent=66116"}],"wp:term":[{"taxonomy":"tradingcategory","embeddable":true,"href":"https:\/\/asktraders-stg.knitbyhands.com\/es\/wp-json\/wp\/v2\/tradingcategory?post=66116"}],"curies":[{"name":"wp","href":"https:\/\/api.w.org\/{rel}","templated":true}]}}